{"id":124,"date":"2020-06-17T07:54:47","date_gmt":"2020-06-17T07:54:47","guid":{"rendered":"https:\/\/nextmarketingsolutions.nl\/?page_id=124"},"modified":"2023-06-05T12:11:39","modified_gmt":"2023-06-05T12:11:39","slug":"next-marketing-suite","status":"publish","type":"page","link":"https:\/\/nextmarketingsolutions.nl\/de\/next-marketing-suite\/","title":{"rendered":"Next Local Marketing Suite"},"content":{"rendered":"<div id=\"pl-124\"  class=\"panel-layout\" ><div id=\"pg-124-0\"  class=\"panel-grid panel-has-style\" ><div class=\"nms_top panel-row-style panel-row-style-for-124-0\" ><div id=\"pgc-124-0-0\"  class=\"panel-grid-cell\" ><div id=\"panel-124-0-0-0\" class=\"so-panel widget widget_text panel-first-child\" data-index=\"0\" ><h3 class=\"widget-title\">Next Local Marketing Suite<\/h3>\t\t\t<div class=\"textwidget\"><p><span style=\"font-weight: 400;\">Erstellen, verwalten und bestellen Sie Marketingkommunikation \u00fcber eine integrierte E-Commerce-L\u00f6sung.<\/span><\/p>\n<\/div>\n\t\t<\/div><div id=\"panel-124-0-0-1\" class=\"so-panel widget widget_text\" data-index=\"1\" >\t\t\t<div class=\"textwidget\"><div class=\"white_arrow_down\">&nbsp;<\/div>\n<\/div>\n\t\t<\/div><div id=\"panel-124-0-0-2\" class=\"so-panel widget widget_text panel-last-child\" data-index=\"2\" >\t\t\t<div class=\"textwidget\"><p><a class=\"button pink\" href=\"\/de\/contact\/\">Kontakt aufnehmen<\/a><\/p>\n<\/div>\n\t\t<\/div><\/div><\/div><\/div><div id=\"pg-124-1\"  class=\"panel-grid panel-has-style\" ><div class=\"text_img_left boxed panel-row-style panel-row-style-for-124-1\" ><div id=\"pgc-124-1-0\"  class=\"panel-grid-cell\" ><div id=\"panel-124-1-0-0\" class=\"so-panel widget widget_media_image panel-first-child\" data-index=\"3\" ><div class=\"floating_nxt_arrow panel-widget-style panel-widget-style-for-124-1-0-0\" ><img decoding=\"async\" width=\"177\" height=\"177\" src=\"https:\/\/nextmarketingsolutions.nl\/wp-content\/uploads\/2020\/06\/Group-5909.png\" class=\"image wp-image-151  attachment-full size-full\" alt=\"\" style=\"max-width: 100%; height: auto;\" srcset=\"https:\/\/nextmarketingsolutions.nl\/wp-content\/uploads\/2020\/06\/Group-5909.png 177w, https:\/\/nextmarketingsolutions.nl\/wp-content\/uploads\/2020\/06\/Group-5909-150x150.png 150w\" sizes=\"(max-width: 177px) 100vw, 177px\" \/><\/div><\/div><div id=\"panel-124-1-0-1\" class=\"so-panel widget widget_text panel-last-child\" data-index=\"4\" ><h3 class=\"widget-title\">WAS IST F\u00dcR SIE DRIN?<\/h3>\t\t\t<div class=\"textwidget\"><p><span style=\"font-weight: 400;\">F\u00fcr Sie als Marketing Mitarbeiter bedeutet die Marketing Suite (mehr) Kontrolle \u00fcber die Anwendung der Corporate Identity und (mehr) Zeit und Raum f\u00fcr Kreativit\u00e4t. Die gesamte Kommunikation rund um eine Kampagne findet \u00fcber die Online-Plattform statt, was Zeit spart. Durch die Verwendung variabler Vorlagen und des Editors gestaltet der Benutzer den fertigen Ausdruck und zus\u00e4tzliche Design\/DTP-Kosten geh\u00f6ren der Vergangenheit an. Mit dem Einsatz der Marketing Suite organisieren die Nutzer Marketingaktivit\u00e4ten zu Zeiten, die ihnen passen, auch au\u00dferhalb der \u00d6ffnungszeiten der Hauptverwaltung.<\/span><\/p>\n<p>&nbsp;<\/p>\n<p><a class=\"button_hollow\" href=\"\/de\/contact\/\">Kontakt aufnehmen<\/a><\/p>\n<\/div>\n\t\t<\/div><\/div><div id=\"pgc-124-1-1\"  class=\"panel-grid-cell\" ><div id=\"panel-124-1-1-0\" class=\"so-panel widget widget_media_image panel-first-child panel-last-child\" data-index=\"5\" ><img fetchpriority=\"high\" decoding=\"async\" width=\"839\" height=\"800\" src=\"https:\/\/nextmarketingsolutions.nl\/wp-content\/uploads\/2023\/04\/imac2.png\" class=\"image wp-image-1087  attachment-full size-full\" alt=\"\" style=\"max-width: 100%; height: auto;\" srcset=\"https:\/\/nextmarketingsolutions.nl\/wp-content\/uploads\/2023\/04\/imac2.png 839w, https:\/\/nextmarketingsolutions.nl\/wp-content\/uploads\/2023\/04\/imac2-300x286.png 300w, https:\/\/nextmarketingsolutions.nl\/wp-content\/uploads\/2023\/04\/imac2-13x12.png 13w\" sizes=\"(max-width: 839px) 100vw, 839px\" \/><\/div><\/div><\/div><\/div><div id=\"pg-124-2\"  class=\"panel-grid panel-has-style\" ><div class=\"text_img_left boxed panel-row-style panel-row-style-for-124-2\" ><div id=\"pgc-124-2-0\"  class=\"panel-grid-cell\" ><div id=\"panel-124-2-0-0\" class=\"so-panel widget widget_text panel-first-child panel-last-child\" data-index=\"6\" ><h3 class=\"widget-title\">VORLAGEN &amp; TOOLKITS<\/h3>\t\t\t<div class=\"textwidget\"><p><span style=\"font-weight: 400;\">Die Erstellung von Marketingmaterial f\u00fcr lokale Kampagnen ist mit hohen zus\u00e4tzlichen DTP-Kosten verbunden. In der Marketing Suite arbeiten wir mit Vorlagen, die die Personalisierung von nationalem bis hin zu lokalen Material \u00fcbernehmen. Dadurch entfallen die zus\u00e4tzlichen DTP-Kosten und die Benutzer k\u00f6nnen ihre eigenen Marketingmaterialien erstellen. Das spart dar\u00fcber hinaus Zeit in der Marketing-Abteilung. Durch den Einsatz von Toolkits k\u00f6nnen wir mit einer einzigen Ausf\u00fcll\u00fcbung mehrere Vorlagen erstellen, was den Bestellvorgang einfach und schnell macht.<\/span><\/p>\n<\/div>\n\t\t<\/div><\/div><div id=\"pgc-124-2-1\"  class=\"panel-grid-cell\" ><div id=\"panel-124-2-1-0\" class=\"so-panel widget widget_media_image panel-first-child panel-last-child\" data-index=\"7\" ><img decoding=\"async\" width=\"818\" height=\"581\" src=\"https:\/\/nextmarketingsolutions.nl\/wp-content\/uploads\/2020\/06\/Image-3.png\" class=\"image wp-image-166  attachment-full size-full\" alt=\"\" style=\"max-width: 100%; height: auto;\" srcset=\"https:\/\/nextmarketingsolutions.nl\/wp-content\/uploads\/2020\/06\/Image-3.png 818w, https:\/\/nextmarketingsolutions.nl\/wp-content\/uploads\/2020\/06\/Image-3-300x213.png 300w\" sizes=\"(max-width: 818px) 100vw, 818px\" \/><\/div><\/div><\/div><\/div><div id=\"pg-124-3\"  class=\"panel-grid panel-has-style\" ><div class=\"text_img_right boxed panel-row-style panel-row-style-for-124-3\" ><div id=\"pgc-124-3-0\"  class=\"panel-grid-cell\" ><div id=\"panel-124-3-0-0\" class=\"so-panel widget widget_media_image panel-first-child panel-last-child\" data-index=\"8\" ><div class=\"panel-widget-style panel-widget-style-for-124-3-0-0\" ><img loading=\"lazy\" decoding=\"async\" width=\"818\" height=\"539\" src=\"https:\/\/nextmarketingsolutions.nl\/wp-content\/uploads\/2020\/06\/Image-4.png\" class=\"image wp-image-167  attachment-full size-full\" alt=\"\" style=\"max-width: 100%; height: auto;\" srcset=\"https:\/\/nextmarketingsolutions.nl\/wp-content\/uploads\/2020\/06\/Image-4.png 818w, https:\/\/nextmarketingsolutions.nl\/wp-content\/uploads\/2020\/06\/Image-4-300x198.png 300w\" sizes=\"(max-width: 818px) 100vw, 818px\" \/><\/div><\/div><\/div><div id=\"pgc-124-3-1\"  class=\"panel-grid-cell\" ><div class=\"panel-cell-style panel-cell-style-for-124-3-1\" ><div id=\"panel-124-3-1-0\" class=\"so-panel widget widget_text panel-first-child panel-last-child\" data-index=\"9\" ><div class=\"panel-widget-style panel-widget-style-for-124-3-1-0\" ><h3 class=\"widget-title\">Editor<\/h3>\t\t\t<div class=\"textwidget\"><p><span style=\"font-weight: 400;\">Mit dem Editor k\u00f6nnen die Nutzer Marketingmaterialien entwerfen und personalisieren. F\u00fcr jede Vorlage legt der Administrator fest, welche Objekte ein Nutzer bearbeiten darf und kann. Der Benutzer kann dann die festgelegten Objekte nach seinen W\u00fcnschen anpassen. Diese Personalisierung geht \u00fcber die Anpassung von Daten hinaus. So k\u00f6nnen beispielsweise Logos oder Textfelder erweitert und verschoben werden oder Elemente durch einen Nutzer hinzugef\u00fcgt werden. Der Admin hat im Editor die Kontrolle, er bestimmt, wie weit die \"Freiheit\" des Benutzers geht. Mit dem Editor erreichen Sie Freiheit f\u00fcr den Benutzer bei optimaler Kontrolle \u00fcber die Corporate Identity.<\/span><\/p>\n<\/div>\n\t\t<\/div><\/div><\/div><\/div><\/div><\/div><div id=\"pg-124-4\"  class=\"panel-grid panel-has-style\" ><div class=\"boxes_row panel-row-style panel-row-style-for-124-4\" ><div id=\"pgc-124-4-0\"  class=\"panel-grid-cell\" ><div id=\"panel-124-4-0-0\" class=\"so-panel widget widget_text panel-first-child panel-last-child\" data-index=\"10\" ><div class=\"box_card blue_box planner panel-widget-style panel-widget-style-for-124-4-0-0\" ><h3 class=\"widget-title\">Online Werbung<\/h3>\t\t\t<div class=\"textwidget\"><p>Lokales Sourcing und Targeting von Online-Werbekampagnen mit vom Nutzer personalisierbaren oder nicht personalisierbaren Inhalten.<br><br><\/p>\n<p>&nbsp;<\/p>\n<\/div>\n\t\t<\/div><\/div><\/div><div id=\"pgc-124-4-1\"  class=\"panel-grid-cell\" ><div id=\"panel-124-4-1-0\" class=\"so-panel widget widget_text panel-first-child panel-last-child\" data-index=\"11\" ><div class=\"box_card cyan_box bundles panel-widget-style panel-widget-style-for-124-4-1-0\" ><h3 class=\"widget-title\">KAMPAGNENMANAGER<\/h3>\t\t\t<div class=\"textwidget\"><p><span style=\"font-weight: 400;\">Anhand eines Zeitstrahls kann der Nutzer den gesamten Aktionsplan einer Kampagne durchlaufen, ohne dass die Zentrale eingreifen muss.<br><br><br><\/span><\/p>\n<p>&nbsp;<\/p>\n<\/div>\n\t\t<\/div><\/div><\/div><div id=\"pgc-124-4-2\"  class=\"panel-grid-cell\" ><div id=\"panel-124-4-2-0\" class=\"so-panel widget widget_text panel-first-child panel-last-child\" data-index=\"12\" ><div class=\"box_card pink_box stats panel-widget-style panel-widget-style-for-124-4-2-0\" ><h3 class=\"widget-title\">STATISTIK<\/h3>\t\t\t<div class=\"textwidget\"><p>Wir stellen Ihnen Dashboards zur Verf\u00fcgung, mit denen Sie alle relevanten Informationen aus der Marketing Suite analysieren k\u00f6nnen. Analysen, die es Ihnen erm\u00f6glichen, bis auf Benutzerebene zu verwalten.<\/p>\n<\/div>\n\t\t<\/div><\/div><\/div><\/div><\/div><div id=\"pg-124-5\"  class=\"panel-grid panel-has-style\" ><div class=\"button_contact_row panel-row-style panel-row-style-for-124-5\" ><div id=\"pgc-124-5-0\"  class=\"panel-grid-cell\" ><div id=\"panel-124-5-0-0\" class=\"so-panel widget widget_text panel-first-child panel-last-child\" data-index=\"13\" >\t\t\t<div class=\"textwidget\"><p><a class=\"button cyan\" href=\"\/de\/modules\/\">Alle Module<\/a><\/p>\n<\/div>\n\t\t<\/div><\/div><\/div><\/div><\/div>","protected":false},"excerpt":{"rendered":"<p>Cre\u00ebren, beheren en bestellen van marketing uitingen via een ge\u00efntegreerde e-commerce oplossing. &nbsp; Neem contact met ons op De Marketing Suite betekent voor jou als marketeer (meer) controle over de toepassing van de corporate huisstijl en (meer) tijd en ruimte voor creativiteit. Alle communicatie rondom een campagne gebeurt via het online platform, wat zorgt voor <a href=\"https:\/\/nextmarketingsolutions.nl\/de\/next-marketing-suite\/\" class=\"more-link\">&#8230;<\/a><\/p>","protected":false},"author":1,"featured_media":0,"parent":0,"menu_order":0,"comment_status":"closed","ping_status":"closed","template":"","meta":{"_acf_changed":false,"inline_featured_image":false,"footnotes":""},"acf":[],"_links":{"self":[{"href":"https:\/\/nextmarketingsolutions.nl\/de\/wp-json\/wp\/v2\/pages\/124"}],"collection":[{"href":"https:\/\/nextmarketingsolutions.nl\/de\/wp-json\/wp\/v2\/pages"}],"about":[{"href":"https:\/\/nextmarketingsolutions.nl\/de\/wp-json\/wp\/v2\/types\/page"}],"author":[{"embeddable":true,"href":"https:\/\/nextmarketingsolutions.nl\/de\/wp-json\/wp\/v2\/users\/1"}],"replies":[{"embeddable":true,"href":"https:\/\/nextmarketingsolutions.nl\/de\/wp-json\/wp\/v2\/comments?post=124"}],"version-history":[{"count":129,"href":"https:\/\/nextmarketingsolutions.nl\/de\/wp-json\/wp\/v2\/pages\/124\/revisions"}],"predecessor-version":[{"id":5588,"href":"https:\/\/nextmarketingsolutions.nl\/de\/wp-json\/wp\/v2\/pages\/124\/revisions\/5588"}],"wp:attachment":[{"href":"https:\/\/nextmarketingsolutions.nl\/de\/wp-json\/wp\/v2\/media?parent=124"}],"curies":[{"name":"wp","href":"https:\/\/api.w.org\/{rel}","templated":true}]}}