{"id":15,"date":"2020-05-16T20:33:38","date_gmt":"2020-05-16T20:33:38","guid":{"rendered":"https:\/\/nextmarketingsolutions.nl\/?page_id=15"},"modified":"2023-05-30T14:08:38","modified_gmt":"2023-05-30T14:08:38","slug":"test","status":"publish","type":"page","link":"https:\/\/nextmarketingsolutions.nl\/de\/","title":{"rendered":"Home"},"content":{"rendered":"<div id=\"pl-15\"  class=\"panel-layout\" ><div id=\"pg-15-0\"  class=\"panel-grid panel-has-style\" ><div class=\"home_row panel-row-style panel-row-style-for-15-0\" ><div id=\"pgc-15-0-0\"  class=\"panel-grid-cell\" ><div id=\"panel-15-0-0-0\" class=\"so-panel widget widget_media_image panel-first-child panel-last-child\" data-index=\"0\" ><div class=\"groot_logo_home panel-widget-style panel-widget-style-for-15-0-0-0\" ><img fetchpriority=\"high\" decoding=\"async\" width=\"694\" height=\"427\" src=\"https:\/\/nextmarketingsolutions.nl\/wp-content\/uploads\/2020\/05\/Group-6476.png\" class=\"image wp-image-66  attachment-full size-full\" alt=\"\" style=\"max-width: 100%; height: auto;\" srcset=\"https:\/\/nextmarketingsolutions.nl\/wp-content\/uploads\/2020\/05\/Group-6476.png 694w, https:\/\/nextmarketingsolutions.nl\/wp-content\/uploads\/2020\/05\/Group-6476-300x185.png 300w\" sizes=\"(max-width: 694px) 100vw, 694px\" \/><\/div><\/div><\/div><div id=\"pgc-15-0-1\"  class=\"panel-grid-cell\" ><div id=\"panel-15-0-1-0\" class=\"so-panel widget widget_text panel-first-child panel-last-child\" data-index=\"1\" ><div class=\"text_home_top panel-widget-style panel-widget-style-for-15-0-1-0\" ><h3 class=\"widget-title\">Creating to perform<\/h3>\t\t\t<div class=\"textwidget\"><p><span style=\"font-weight: 400;\">Next Marketing Solutions entwickelt Next-Level Marketingl\u00f6sungen . Unsere Online-Plattform erm\u00f6glicht die Erstellung, Verwaltung und Bestellung von Marketingkommunikation f\u00fcr Sie und Ihr Unternehmen.<\/span><\/p>\n<p>&nbsp;<\/p>\n<p><a class=\"button cyan\" href=\"\/de\/next-marketing-suite\/\">Unsere L\u00f6sungen<\/a> <a class=\"button_hollow\" href=\"\/de\/over-ons\/\">\u00dcber uns<\/a><\/p>\n<\/div>\n\t\t<\/div><\/div><\/div><\/div><\/div><div id=\"pg-15-1\"  class=\"panel-grid panel-has-style\" ><div class=\"full_width_title siteorigin-panels-stretch panel-row-style panel-row-style-for-15-1\" data-stretch-type=\"full\" ><div id=\"pgc-15-1-0\"  class=\"panel-grid-cell\" ><div id=\"panel-15-1-0-0\" class=\"so-panel widget widget_text panel-first-child panel-last-child\" data-index=\"2\" ><h3 class=\"widget-title\">Ihre Next L\u00f6sung<\/h3>\t\t\t<div class=\"textwidget\"><\/div>\n\t\t<\/div><\/div><\/div><\/div><div id=\"pg-15-2\"  class=\"panel-grid panel-has-style\" ><div class=\"text_img_left boxed panel-row-style panel-row-style-for-15-2\" ><div id=\"pgc-15-2-0\"  class=\"panel-grid-cell\" ><div id=\"panel-15-2-0-0\" class=\"so-panel widget widget_text panel-first-child panel-last-child\" data-index=\"3\" ><h3 class=\"widget-title\">Next Marketing Suite<\/h3>\t\t\t<div class=\"textwidget\"><p><span style=\"font-weight: 400;\">Die Next Marketing Suite macht die Erstellung und den Kauf von Marketingmaterialien einfach und \u00fcberschaubar. \u00dcber eine Plattform haben Benutzer Zugriff auf Corporate Identity und Werbematerialien mit der M\u00f6glichkeit zur Personalisierung, Bestellung und zum Herunterladen: eine zentrale Marketingumgebung f\u00fcr Online- und Offline-Marketing.<\/span><\/p>\n<p>&nbsp;<\/p>\n<p><a class=\"button_hollow\" href=\"\/de\/next-marketing-suite\/\">\u00dcber unsere Suites<\/a><\/p>\n<p>&nbsp;<\/p>\n<\/div>\n\t\t<\/div><\/div><div id=\"pgc-15-2-1\"  class=\"panel-grid-cell\" ><div id=\"panel-15-2-1-0\" class=\"so-panel widget widget_sow-image panel-first-child panel-last-child\" data-index=\"4\" ><div\n\t\t\t\n\t\t\tclass=\"so-widget-sow-image so-widget-sow-image-default-8b5b6f678277-15\"\n\t\t\t\n\t\t>\n<div class=\"sow-image-container\">\n\t\t<img decoding=\"async\" src=\"https:\/\/nextmarketingsolutions.nl\/wp-content\/uploads\/2023\/04\/imac.jpg\" width=\"839\" height=\"800\" srcset=\"https:\/\/nextmarketingsolutions.nl\/wp-content\/uploads\/2023\/04\/imac.jpg 839w, https:\/\/nextmarketingsolutions.nl\/wp-content\/uploads\/2023\/04\/imac-300x286.jpg 300w, https:\/\/nextmarketingsolutions.nl\/wp-content\/uploads\/2023\/04\/imac-13x12.jpg 13w\" sizes=\"(max-width: 839px) 100vw, 839px\" alt=\"\" \t\tclass=\"so-widget-image\"\/>\n\t<\/div>\n\n<\/div><\/div><\/div><\/div><\/div><div id=\"pg-15-3\"  class=\"panel-grid panel-has-style\" ><div class=\"quote_img_home panel-row-style panel-row-style-for-15-3\" ><div id=\"pgc-15-3-0\"  class=\"panel-grid-cell\" ><div id=\"panel-15-3-0-0\" class=\"so-panel widget widget_text panel-first-child panel-last-child\" data-index=\"5\" >\t\t\t<div class=\"textwidget\"><p>\u201eDie Next Marketing Suite gibt mir die M\u00f6glichkeit, das zu tun, was mir als Vermarkter am meisten Spa\u00df macht: neue Marketinginitiativen zu konzipieren und umzusetzen.\u201c<\/p>\n<\/div>\n\t\t<\/div><\/div><\/div><\/div><div id=\"pg-15-4\"  class=\"panel-grid panel-has-style\" ><div class=\"boxed_title panel-row-style panel-row-style-for-15-4\" ><div id=\"pgc-15-4-0\"  class=\"panel-grid-cell\" ><div id=\"panel-15-4-0-0\" class=\"so-panel widget widget_text panel-first-child panel-last-child\" data-index=\"6\" >\t\t\t<div class=\"textwidget\"><p>WIR STELLEN FEST:<\/p>\n<\/div>\n\t\t<\/div><\/div><\/div><\/div><div id=\"pg-15-5\"  class=\"panel-grid panel-has-style\" ><div class=\"boxes_row panel-row-style panel-row-style-for-15-5\" ><div id=\"pgc-15-5-0\"  class=\"panel-grid-cell\" ><div id=\"panel-15-5-0-0\" class=\"so-panel widget widget_text panel-first-child panel-last-child\" data-index=\"7\" ><div class=\"box_card blue_box panel-widget-style panel-widget-style-for-15-5-0-0\" ><h3 class=\"widget-title\">Bessere Konsistenz<\/h3>\t\t\t<div class=\"textwidget\"><ul>\n<li><span style=\"font-weight: 400;\">\u00dcberwachung der Corporate Identity, Marketing hat die Kontrolle<\/span><\/li>\n<li><span style=\"font-weight: 400;\">Die gesamte Organisation verwendet die gleichen Logos, Schriftarten und Bilder<\/span><\/li>\n<li><span style=\"font-weight: 400;\">Die gesamte Markenkommunikation \u00fcber eine Plattform<\/span><\/li>\n<\/ul>\n<\/div>\n\t\t<\/div><\/div><\/div><div id=\"pgc-15-5-1\"  class=\"panel-grid-cell\" ><div id=\"panel-15-5-1-0\" class=\"so-panel widget widget_text panel-first-child panel-last-child\" data-index=\"8\" ><div class=\"box_card cyan_box panel-widget-style panel-widget-style-for-15-5-1-0\" ><h3 class=\"widget-title\">Effizienter<\/h3>\t\t\t<div class=\"textwidget\"><ul>\n<li><span style=\"font-weight: 400;\">Marketern wird Zeit f\u00fcr Kreativit\u00e4t und neue Initiativen gegeben<\/span><\/li>\n<li><span style=\"font-weight: 400;\">24\/7 verf\u00fcgbar, also unabh\u00e4ngig von den \u00d6ffnungszeiten<\/span><\/li>\n<li><span style=\"font-weight: 400;\">Keine (zus\u00e4tzlichen) DTP-Kosten durch Online-Personalisierung der Marketingkommunikation<br><br><br><\/span><\/li>\n<\/ul>\n<\/div>\n\t\t<\/div><\/div><\/div><div id=\"pgc-15-5-2\"  class=\"panel-grid-cell\" ><div id=\"panel-15-5-2-0\" class=\"so-panel widget widget_text panel-first-child panel-last-child\" data-index=\"9\" ><div class=\"box_card pink_box panel-widget-style panel-widget-style-for-15-5-2-0\" ><h3 class=\"widget-title\">Inspiration und Kreation<\/h3>\t\t\t<div class=\"textwidget\"><ul>\n<li><span style=\"font-weight: 400;\">Ideen, Initiativen und Erfolge teilen<\/span><\/li>\n<li><span style=\"font-weight: 400;\">Personalisierung der Marketingkommunikation durch den Benutzer<\/span><\/li>\n<li><span style=\"font-weight: 400;\">Die Zentrale hat die Kontrolle, mit Freiheit f\u00fcr den Benutzer<br><br><br><br><br><\/span><\/li>\n<\/ul>\n<\/div>\n\t\t<\/div><\/div><\/div><\/div><\/div><div id=\"pg-15-6\"  class=\"panel-grid panel-has-style\" ><div class=\"button_contact_row panel-row-style panel-row-style-for-15-6\" ><div id=\"pgc-15-6-0\"  class=\"panel-grid-cell\" ><div id=\"panel-15-6-0-0\" class=\"so-panel widget widget_text panel-first-child panel-last-child\" data-index=\"10\" >\t\t\t<div class=\"textwidget\"><p><a class=\"button cyan\" href=\"\/de\/contact\/\">Kontakt aufnehmen<\/a><\/p>\n<\/div>\n\t\t<\/div><\/div><\/div><\/div><\/div>","protected":false},"excerpt":{"rendered":"<p>Next Marketing Solutions bouwt aan next level marketingoplossingen. Ons online platform maakt het cre\u00ebren, beheren en bestellen van marketing uitingen voor jou en jouw organisatie mogelijk. &nbsp; Onze oplossingen Over ons<\/p>","protected":false},"author":1,"featured_media":0,"parent":0,"menu_order":0,"comment_status":"closed","ping_status":"closed","template":"","meta":{"_acf_changed":false,"inline_featured_image":false,"footnotes":""},"acf":[],"_links":{"self":[{"href":"https:\/\/nextmarketingsolutions.nl\/de\/wp-json\/wp\/v2\/pages\/15"}],"collection":[{"href":"https:\/\/nextmarketingsolutions.nl\/de\/wp-json\/wp\/v2\/pages"}],"about":[{"href":"https:\/\/nextmarketingsolutions.nl\/de\/wp-json\/wp\/v2\/types\/page"}],"author":[{"embeddable":true,"href":"https:\/\/nextmarketingsolutions.nl\/de\/wp-json\/wp\/v2\/users\/1"}],"replies":[{"embeddable":true,"href":"https:\/\/nextmarketingsolutions.nl\/de\/wp-json\/wp\/v2\/comments?post=15"}],"version-history":[{"count":128,"href":"https:\/\/nextmarketingsolutions.nl\/de\/wp-json\/wp\/v2\/pages\/15\/revisions"}],"predecessor-version":[{"id":1630,"href":"https:\/\/nextmarketingsolutions.nl\/de\/wp-json\/wp\/v2\/pages\/15\/revisions\/1630"}],"wp:attachment":[{"href":"https:\/\/nextmarketingsolutions.nl\/de\/wp-json\/wp\/v2\/media?parent=15"}],"curies":[{"name":"wp","href":"https:\/\/api.w.org\/{rel}","templated":true}]}}