{"id":188,"date":"2020-06-17T09:05:38","date_gmt":"2020-06-17T09:05:38","guid":{"rendered":"https:\/\/nextmarketingsolutions.nl\/?page_id=188"},"modified":"2023-06-05T12:56:12","modified_gmt":"2023-06-05T12:56:12","slug":"over-ons","status":"publish","type":"page","link":"https:\/\/nextmarketingsolutions.nl\/de\/over-ons\/","title":{"rendered":"\u00dcber uns"},"content":{"rendered":"<div id=\"pl-188\"  class=\"panel-layout\" ><div id=\"pg-188-0\"  class=\"panel-grid panel-has-style\" ><div class=\"panel-row-style panel-row-style-for-188-0\" ><div id=\"pgc-188-0-0\"  class=\"panel-grid-cell\" ><div class=\"nms_top panel-cell-style panel-cell-style-for-188-0-0\" ><div id=\"panel-188-0-0-0\" class=\"so-panel widget widget_text panel-first-child panel-last-child\" data-index=\"0\" >\t\t\t<div class=\"textwidget\"><p><span style=\"font-size: 60px; color: #ffffff;\">\"Ich habe jetzt Zeit und Raum f\u00fcr Kreativit\u00e4t<br \/>\nund langfristiges Management.\"<\/span><\/p>\n<p>&nbsp;<\/p>\n<p>&nbsp;<\/p>\n<\/div>\n\t\t<\/div><\/div><\/div><\/div><\/div><div id=\"pg-188-1\"  class=\"panel-grid panel-has-style\" ><div class=\"text_img_left boxed panel-row-style panel-row-style-for-188-1\" ><div id=\"pgc-188-1-0\"  class=\"panel-grid-cell\" ><div id=\"panel-188-1-0-0\" class=\"so-panel widget widget_text panel-first-child panel-last-child\" data-index=\"1\" ><div class=\"panel-widget-style panel-widget-style-for-188-1-0-0\" ><h3 class=\"widget-title\">Creating to perform<\/h3>\t\t\t<div class=\"textwidget\"><\/div>\n\t\t<\/div><\/div><\/div><\/div><\/div><div id=\"pg-188-2\"  class=\"panel-grid panel-has-style\" ><div class=\"text_img_left boxed panel-row-style panel-row-style-for-188-2\" ><div id=\"pgc-188-2-0\"  class=\"panel-grid-cell\" ><div id=\"panel-188-2-0-0\" class=\"so-panel widget widget_text panel-first-child panel-last-child\" data-index=\"2\" ><div class=\"panel-widget-style panel-widget-style-for-188-2-0-0\" >\t\t\t<div class=\"textwidget\"><p><span style=\"font-weight: 300;\">Wir sind Next Marketing Solutions - Junge und ambitionierte Gesch\u00e4ftspartner mit jahrelanger Erfahrung in Online-Marketing-Anwendungen und E-Commerce. <\/span><\/p>\n<p><span style=\"font-weight: 300;\">Wir arbeiten an der st\u00e4ndigen Weiterentwicklung unserer Software, damit sie den Bed\u00fcrfnissen des Marktes entspricht.<\/span><\/p>\n<p>&nbsp;<\/p>\n<p><span style=\"font-weight: 300;\">Mit unserer Software erm\u00f6glichen wir es jedem, online etwas Sch\u00f6nes zu erstellen, zu kaufen, herunterzuladen oder anzubieten. <\/span><\/p>\n<p>&nbsp;<\/p>\n<p><span style=\"font-weight: 300;\">Zentral gesteuert, lokal genutzt.<\/span><code><\/code><code><\/code><code><\/code><\/p>\n<\/div>\n\t\t<\/div><\/div><\/div><div id=\"pgc-188-2-1\"  class=\"panel-grid-cell\" ><div id=\"panel-188-2-1-0\" class=\"so-panel widget widget_text panel-first-child panel-last-child\" data-index=\"3\" ><div class=\"panel-widget-style panel-widget-style-for-188-2-1-0\" >\t\t\t<div class=\"textwidget\"><p><span style=\"font-weight: 300;\">Unsere Profis sind UX-Designer, Software-Entwickler, Marketing Experten, Account Manager, Talent Manager und Service &amp; Support Mitarbeiter. <\/span><\/p>\n<p>&nbsp;<\/p>\n<p><span style=\"font-weight: 300;\">Wir arbeiten in Teams, die agile Methoden wie Scrum anwenden, um hohe Produktivit\u00e4t und nachhaltige Entwicklung zu gew\u00e4hrleisten.<\/span><\/p>\n<p>&nbsp;<\/p>\n<p><span style=\"font-weight: 300;\">Wir sind Teil von Sparkles und Kampert-Nauta - House of Grafimedia - und damit Teil der Royal Printing Group Em. de Jong, einem der gr\u00f6\u00dften Akteure auf dem europ\u00e4ischen (Einzelhandels-)Druckmarkt. <\/span><\/p>\n<p>&nbsp;<\/p>\n<p>&nbsp;<\/p>\n<\/div>\n\t\t<\/div><\/div><\/div><\/div><\/div><div id=\"pg-188-3\"  class=\"panel-grid panel-has-style\" ><div class=\"boxed_title panel-row-style panel-row-style-for-188-3\" ><div id=\"pgc-188-3-0\"  class=\"panel-grid-cell\" ><div id=\"panel-188-3-0-0\" class=\"so-panel widget widget_text panel-first-child panel-last-child\" data-index=\"4\" >\t\t\t<div class=\"textwidget\"><p>GRUNDWERTE<\/p>\n<\/div>\n\t\t<\/div><\/div><\/div><\/div><div id=\"pg-188-4\"  class=\"panel-grid panel-has-style\" ><div class=\"boxes_row panel-row-style panel-row-style-for-188-4\" ><div id=\"pgc-188-4-0\"  class=\"panel-grid-cell\" ><div id=\"panel-188-4-0-0\" class=\"so-panel widget widget_text panel-first-child panel-last-child\" data-index=\"5\" ><div class=\"box_card blue_box panel-widget-style panel-widget-style-for-188-4-0-0\" ><h3 class=\"widget-title\">Share<\/h3>\t\t\t<div class=\"textwidget\"><p><span style=\"font-weight: 400;\">Kunden sind f\u00fcr uns Partner, wir streben nach gegenseitigen Beziehungen.\u00a0 \u00a0 \u00a0 \u00a0 \u00a0 \u00a0 \u00a0 \u00a0 \u00a0 \u00a0 \u00a0 \u00a0 \u00a0 \u00a0 \u00a0 \u00a0 \u00a0 \u00a0 \u00a0 \u00a0 \u00a0 \u00a0 \u00a0 \u00a0 \u00a0 \u00a0 \u00a0 \u00a0 \u00a0 \u00a0 \u00a0 \u00a0 \u00a0 \u00a0 \u00a0 \u00a0\u00a0<\/span><\/p>\n<\/div>\n\t\t<\/div><\/div><\/div><div id=\"pgc-188-4-1\"  class=\"panel-grid-cell\" ><div id=\"panel-188-4-1-0\" class=\"so-panel widget widget_text panel-first-child panel-last-child\" data-index=\"6\" ><div class=\"box_card cyan_box panel-widget-style panel-widget-style-for-188-4-1-0\" ><h3 class=\"widget-title\">Shine<\/h3>\t\t\t<div class=\"textwidget\"><p><span style=\"font-weight: 400;\">Wir bieten Software, die Benutzern erm\u00f6glicht das zu tun, was sie am besten k\u00f6nnen.\u00a0 \u00a0 \u00a0 \u00a0 \u00a0 \u00a0 \u00a0 \u00a0 \u00a0 \u00a0 \u00a0 \u00a0 \u00a0 \u00a0 \u00a0 \u00a0 \u00a0 \u00a0 \u00a0 \u00a0 \u00a0 \u00a0 \u00a0 \u00a0 \u00a0 \u00a0<\/span><\/p>\n<\/div>\n\t\t<\/div><\/div><\/div><div id=\"pgc-188-4-2\"  class=\"panel-grid-cell\" ><div id=\"panel-188-4-2-0\" class=\"so-panel widget widget_text panel-first-child panel-last-child\" data-index=\"7\" ><div class=\"box_card pink_box panel-widget-style panel-widget-style-for-188-4-2-0\" ><h3 class=\"widget-title\">Compete<\/h3>\t\t\t<div class=\"textwidget\"><p><span style=\"font-weight: 400;\">Gemeinsam sind wir das Gewinnerteam durch Innovationskraft, Agilit\u00e4t und strategische Entscheidungen.<\/span><\/p>\n<\/div>\n\t\t<\/div><\/div><\/div><\/div><\/div><div id=\"pg-188-5\"  class=\"panel-grid panel-has-style\" ><div class=\"button_contact_row panel-row-style panel-row-style-for-188-5\" ><div id=\"pgc-188-5-0\"  class=\"panel-grid-cell\" ><div id=\"panel-188-5-0-0\" class=\"so-panel widget widget_text panel-first-child panel-last-child\" data-index=\"8\" >\t\t\t<div class=\"textwidget\"><p><a class=\"button cyan\" href=\"\/de\/contact\/\">Kontakt aufnehmen<\/a><\/p>\n<\/div>\n\t\t<\/div><\/div><\/div><\/div><div id=\"pg-188-6\"  class=\"panel-grid panel-has-style\" ><div class=\"boxed_title panel-row-style panel-row-style-for-188-6\" ><div id=\"pgc-188-6-0\"  class=\"panel-grid-cell\" ><div id=\"panel-188-6-0-0\" class=\"so-panel widget widget_text panel-first-child panel-last-child\" data-index=\"9\" ><h3 class=\"widget-title\">LASSEN SIE UNS ZUSAMMENARBEITEN!<\/h3>\t\t\t<div class=\"textwidget\"><\/div>\n\t\t<\/div><\/div><\/div><\/div><div id=\"pg-188-7\"  class=\"panel-grid panel-has-style\" ><div class=\"boxes_row panel-row-style panel-row-style-for-188-7\" ><div id=\"pgc-188-7-0\"  class=\"panel-grid-cell\" ><div id=\"panel-188-7-0-0\" class=\"so-panel widget widget_text panel-first-child panel-last-child\" data-index=\"10\" ><div class=\"box_card blue_box werken_bij panel-widget-style panel-widget-style-for-188-7-0-0\" ><h3 class=\"widget-title\">BEWERBUNGEN<\/h3>\t\t\t<div class=\"textwidget\"><p class=\"translation-block\">Zurzeit sind keine offenen Stellen zu besetzen. Initiativbewerbungen sind gerne willkommen. Bitte senden Sie eine E-Mail oder rufen Sie uns an.<\/p>\n<\/div>\n\t\t<\/div><\/div><\/div><div id=\"pgc-188-7-1\"  class=\"panel-grid-cell\" ><div id=\"panel-188-7-1-0\" class=\"so-panel widget widget_text panel-first-child panel-last-child\" data-index=\"11\" ><div class=\"box_card cyan_box events panel-widget-style panel-widget-style-for-188-7-1-0\" ><h3 class=\"widget-title\">Veranstaltungen<\/h3>\t\t\t<div class=\"textwidget\"><p>Zurzeit sind keine Veranstaltungen geplant.<br><br><br><\/p>\n<p>&nbsp;<\/p>\n<p>&nbsp;<\/p>\n<\/div>\n\t\t<\/div><\/div><\/div><div id=\"pgc-188-7-2\"  class=\"panel-grid-cell\" ><div id=\"panel-188-7-2-0\" class=\"so-panel widget widget_text panel-first-child panel-last-child\" data-index=\"12\" ><div class=\"box_card pink_box marketingblog panel-widget-style panel-widget-style-for-188-7-2-0\" ><h3 class=\"widget-title\">Marketing blog<\/h3>\t\t\t<div class=\"textwidget\"><p>Halten Sie sich \u00fcber unsere Entwicklungen auf dem Laufenden.<\/p>\n<p>&nbsp;<\/p>\n<p><a class=\"button pink\" href=\"\/de\/marketing-blog\/\">ZUM MARKETING-BLOG<\/a><\/p>\n<\/div>\n\t\t<\/div><\/div><\/div><\/div><\/div><\/div>","protected":false},"excerpt":{"rendered":"<p>&#8220;Ik heb nu tijd en ruimte voor creativiteit en lange termijn management.\u201d &nbsp; &nbsp;<\/p>","protected":false},"author":1,"featured_media":0,"parent":0,"menu_order":0,"comment_status":"closed","ping_status":"closed","template":"","meta":{"_acf_changed":false,"inline_featured_image":false,"footnotes":""},"acf":[],"_links":{"self":[{"href":"https:\/\/nextmarketingsolutions.nl\/de\/wp-json\/wp\/v2\/pages\/188"}],"collection":[{"href":"https:\/\/nextmarketingsolutions.nl\/de\/wp-json\/wp\/v2\/pages"}],"about":[{"href":"https:\/\/nextmarketingsolutions.nl\/de\/wp-json\/wp\/v2\/types\/page"}],"author":[{"embeddable":true,"href":"https:\/\/nextmarketingsolutions.nl\/de\/wp-json\/wp\/v2\/users\/1"}],"replies":[{"embeddable":true,"href":"https:\/\/nextmarketingsolutions.nl\/de\/wp-json\/wp\/v2\/comments?post=188"}],"version-history":[{"count":127,"href":"https:\/\/nextmarketingsolutions.nl\/de\/wp-json\/wp\/v2\/pages\/188\/revisions"}],"predecessor-version":[{"id":1706,"href":"https:\/\/nextmarketingsolutions.nl\/de\/wp-json\/wp\/v2\/pages\/188\/revisions\/1706"}],"wp:attachment":[{"href":"https:\/\/nextmarketingsolutions.nl\/de\/wp-json\/wp\/v2\/media?parent=188"}],"curies":[{"name":"wp","href":"https:\/\/api.w.org\/{rel}","templated":true}]}}