{"id":269,"date":"2020-08-17T18:40:20","date_gmt":"2020-08-17T18:40:20","guid":{"rendered":"https:\/\/nextmarketingsolutions.nl\/?page_id=269"},"modified":"2023-05-30T14:44:48","modified_gmt":"2023-05-30T14:44:48","slug":"next-retailapplicatie","status":"publish","type":"page","link":"https:\/\/nextmarketingsolutions.nl\/de\/next-retailapplicatie\/","title":{"rendered":"Next Retail Marketing Suite"},"content":{"rendered":"<div id=\"pl-269\"  class=\"panel-layout\" ><div id=\"pg-269-0\"  class=\"panel-grid panel-has-style\" ><div class=\"nms_top panel-row-style panel-row-style-for-269-0\" ><div id=\"pgc-269-0-0\"  class=\"panel-grid-cell\" ><div id=\"panel-269-0-0-0\" class=\"so-panel widget widget_text panel-first-child\" data-index=\"0\" ><div class=\"panel-widget-style panel-widget-style-for-269-0-0-0\" ><h3 class=\"widget-title\">Next Retail Suite<\/h3>\t\t\t<div class=\"textwidget\"><p><span style=\"font-weight: 400;\">Ein Online-Tool f\u00fcr die automatische Gestaltung von POS-Material.<\/span><\/p>\n<\/div>\n\t\t<\/div><\/div><div id=\"panel-269-0-0-1\" class=\"so-panel widget widget_text\" data-index=\"1\" >\t\t\t<div class=\"textwidget\"><div class=\"white_arrow_down\"><\/div>\n<\/div>\n\t\t<\/div><div id=\"panel-269-0-0-2\" class=\"so-panel widget widget_text panel-last-child\" data-index=\"2\" >\t\t\t<div class=\"textwidget\"><p><a class=\"button pink\" href=\"\/de\/contact\/\">Kontakt aufnehmen<\/a><\/p>\n<\/div>\n\t\t<\/div><\/div><\/div><\/div><div id=\"pg-269-1\"  class=\"panel-grid panel-has-style\" ><div class=\"text_img_left boxed panel-row-style panel-row-style-for-269-1\" ><div id=\"pgc-269-1-0\"  class=\"panel-grid-cell\" ><div id=\"panel-269-1-0-0\" class=\"so-panel widget widget_media_image panel-first-child\" data-index=\"3\" ><div class=\"floating_nxt_arrow panel-widget-style panel-widget-style-for-269-1-0-0\" ><img decoding=\"async\" width=\"177\" height=\"177\" src=\"https:\/\/nextmarketingsolutions.nl\/wp-content\/uploads\/2020\/06\/Group-5909.png\" class=\"image wp-image-151  attachment-full size-full\" alt=\"\" style=\"max-width: 100%; height: auto;\" srcset=\"https:\/\/nextmarketingsolutions.nl\/wp-content\/uploads\/2020\/06\/Group-5909.png 177w, https:\/\/nextmarketingsolutions.nl\/wp-content\/uploads\/2020\/06\/Group-5909-150x150.png 150w\" sizes=\"(max-width: 177px) 100vw, 177px\" \/><\/div><\/div><div id=\"panel-269-1-0-1\" class=\"so-panel widget widget_text panel-last-child\" data-index=\"4\" ><h3 class=\"widget-title\">WAS IST F\u00dcR SIE DRIN?<\/h3>\t\t\t<div class=\"textwidget\"><p><span style=\"font-weight: 400;\">F\u00fcr Sie bedeutet die Next Retail Suite eine k\u00fcrzere Durchlaufzeit f\u00fcr POS-Pakete. Da das Layouten online erfolgt, ist weniger Kommunikation erforderlich und Sie bleiben \"n\u00e4her am Ball\". Das automatische Layout reduziert die DTP-Kosten und standardisiert das Layout. Die Arbeit mit der Shop-DNA sorgt daf\u00fcr, dass Sie den Inhalt der POS-Pakete z.B. auf das Sortiment eines Shops abstimmen k\u00f6nnen.<\/span><\/p>\n<p>&nbsp;<\/p>\n<p><a class=\"button_hollow\" href=\"\/de\/contact\/\">Kontakt aufnehmen<\/a><\/p>\n<p>&nbsp;<\/p>\n<\/div>\n\t\t<\/div><\/div><div id=\"pgc-269-1-1\"  class=\"panel-grid-cell\" ><div class=\"panel-cell-style panel-cell-style-for-269-1-1\" ><div id=\"panel-269-1-1-0\" class=\"so-panel widget widget_media_image panel-first-child panel-last-child\" data-index=\"5\" ><img fetchpriority=\"high\" decoding=\"async\" width=\"412\" height=\"311\" src=\"https:\/\/nextmarketingsolutions.nl\/wp-content\/uploads\/2020\/06\/Group-6476.png\" class=\"image wp-image-142  attachment-full size-full\" alt=\"\" style=\"max-width: 100%; height: auto;\" srcset=\"https:\/\/nextmarketingsolutions.nl\/wp-content\/uploads\/2020\/06\/Group-6476.png 412w, https:\/\/nextmarketingsolutions.nl\/wp-content\/uploads\/2020\/06\/Group-6476-300x226.png 300w\" sizes=\"(max-width: 412px) 100vw, 412px\" \/><\/div><\/div><\/div><\/div><\/div><div id=\"pg-269-2\"  class=\"panel-grid panel-has-style\" ><div class=\"text_img_left boxed panel-row-style panel-row-style-for-269-2\" ><div id=\"pgc-269-2-0\"  class=\"panel-grid-cell\" ><div id=\"panel-269-2-0-0\" class=\"so-panel widget widget_text panel-first-child panel-last-child\" data-index=\"6\" ><div class=\"panel-widget-style panel-widget-style-for-269-2-0-0\" ><h3 class=\"widget-title\">AUTOMATISCHE FORMATIERUNG<\/h3>\t\t\t<div class=\"textwidget\"><p><span style=\"font-weight: 400;\">Die Next Retail Suite formatiert Aktionsprodukte automatisch mit intelligenten InDesign-Vorlagen. Eine \u00c4nderung der Druckprodukte ist f\u00fcr den Admin-Benutzer dennoch jederzeit m\u00f6glich. Der Admin-Benutzer kann auch Druckmaterialien ersetzen, indem er seine eigenen PDF-Dateien hochl\u00e4dt. Die InDesign-Vorlagen sorgen f\u00fcr eine Standardisierung des Firmendesigns, und die Anwendung erstellt jedes Aktionsprodukt gem\u00e4\u00df den Einstellungen in der Vorlage.<\/span><\/p>\n<\/div>\n\t\t<\/div><\/div><\/div><div id=\"pgc-269-2-1\"  class=\"panel-grid-cell\" ><div id=\"panel-269-2-1-0\" class=\"so-panel widget widget_media_image panel-first-child panel-last-child\" data-index=\"7\" ><img decoding=\"async\" width=\"1855\" height=\"1436\" src=\"https:\/\/nextmarketingsolutions.nl\/wp-content\/uploads\/2023\/05\/i_automatische_opmaak.png\" class=\"image wp-image-1580  attachment-full size-full\" alt=\"\" style=\"max-width: 100%; height: auto;\" srcset=\"https:\/\/nextmarketingsolutions.nl\/wp-content\/uploads\/2023\/05\/i_automatische_opmaak.png 1855w, https:\/\/nextmarketingsolutions.nl\/wp-content\/uploads\/2023\/05\/i_automatische_opmaak-300x232.png 300w, https:\/\/nextmarketingsolutions.nl\/wp-content\/uploads\/2023\/05\/i_automatische_opmaak-1024x793.png 1024w, https:\/\/nextmarketingsolutions.nl\/wp-content\/uploads\/2023\/05\/i_automatische_opmaak-1536x1189.png 1536w, https:\/\/nextmarketingsolutions.nl\/wp-content\/uploads\/2023\/05\/i_automatische_opmaak-16x12.png 16w\" sizes=\"(max-width: 1855px) 100vw, 1855px\" \/><\/div><\/div><\/div><\/div><div id=\"pg-269-3\"  class=\"panel-grid panel-has-style\" ><div class=\"text_img_left boxed panel-row-style panel-row-style-for-269-3\" ><div id=\"pgc-269-3-0\"  class=\"panel-grid-cell\" ><div class=\"panel-cell-style panel-cell-style-for-269-3-0\" ><div id=\"panel-269-3-0-0\" class=\"so-panel widget widget_media_image panel-first-child panel-last-child\" data-index=\"8\" ><div class=\"panel-widget-style panel-widget-style-for-269-3-0-0\" ><img loading=\"lazy\" decoding=\"async\" width=\"2580\" height=\"1690\" src=\"https:\/\/nextmarketingsolutions.nl\/wp-content\/uploads\/2023\/05\/i_beheer_en_controle.png\" class=\"image wp-image-1581  attachment-full size-full\" alt=\"\" style=\"max-width: 100%; height: auto;\" srcset=\"https:\/\/nextmarketingsolutions.nl\/wp-content\/uploads\/2023\/05\/i_beheer_en_controle.png 2580w, https:\/\/nextmarketingsolutions.nl\/wp-content\/uploads\/2023\/05\/i_beheer_en_controle-300x197.png 300w, https:\/\/nextmarketingsolutions.nl\/wp-content\/uploads\/2023\/05\/i_beheer_en_controle-1024x671.png 1024w, https:\/\/nextmarketingsolutions.nl\/wp-content\/uploads\/2023\/05\/i_beheer_en_controle-1536x1006.png 1536w, https:\/\/nextmarketingsolutions.nl\/wp-content\/uploads\/2023\/05\/i_beheer_en_controle-2048x1342.png 2048w, https:\/\/nextmarketingsolutions.nl\/wp-content\/uploads\/2023\/05\/i_beheer_en_controle-18x12.png 18w\" sizes=\"(max-width: 2580px) 100vw, 2580px\" \/><\/div><\/div><\/div><\/div><div id=\"pgc-269-3-1\"  class=\"panel-grid-cell\" ><div class=\"panel-cell-style panel-cell-style-for-269-3-1\" ><div id=\"panel-269-3-1-0\" class=\"so-panel widget widget_text panel-first-child panel-last-child\" data-index=\"9\" ><div class=\"panel-widget-style panel-widget-style-for-269-3-1-0\" ><h3 class=\"widget-title\">VERWALTUNG UND KONTROLLE<\/h3>\t\t\t<div class=\"textwidget\"><p>Die Verwaltung der POS-Pakete liegt in den H\u00e4nden des Admin-Nutzers. \u00dcber eine Importfunktion erstellt die Anwendung ein POS-Paket und die dazugeh\u00f6rigen Aktionen. Diese Promo-Aktionen werden in einer \u00fcbersichtlichen Matrix dargestellt. Die Matrix zeigt nur die gew\u00fcnschten Formate an. Der Admin-Benutzer hat die M\u00f6glichkeit, alle Aktionen im Detail einzusehen, zu \u00e4ndern und\/oder zu genehmigen <span style=\"font-weight: 400;\">.<\/span><\/p>\n<\/div>\n\t\t<\/div><\/div><\/div><\/div><\/div><\/div><div id=\"pg-269-4\"  class=\"panel-grid panel-has-style\" ><div class=\"boxes_row panel-row-style panel-row-style-for-269-4\" ><div id=\"pgc-269-4-0\"  class=\"panel-grid-cell\" ><div id=\"panel-269-4-0-0\" class=\"so-panel widget widget_text panel-first-child panel-last-child\" data-index=\"10\" ><div class=\"box_card blue_box planner panel-widget-style panel-widget-style-for-269-4-0-0\" ><h3 class=\"widget-title\">Produktions-XML<\/h3>\t\t\t<div class=\"textwidget\"><p>Das Produktions-XML \u00fcbersetzt Ihr POS-Paket in vollst\u00e4ndige Anweisungen f\u00fcr die Druckerei, einschlie\u00dflich der Mengen und Lieferadressen.<\/p>\n<\/div>\n\t\t<\/div><\/div><\/div><div id=\"pgc-269-4-1\"  class=\"panel-grid-cell\" ><div id=\"panel-269-4-1-0\" class=\"so-panel widget widget_text panel-first-child panel-last-child\" data-index=\"11\" ><div class=\"box_card cyan_box bundles panel-widget-style panel-widget-style-for-269-4-1-0\" ><h3 class=\"widget-title\">AUF MA\u00df geschneidert<\/h3>\t\t\t<div class=\"textwidget\"><p>Im Modul POS auf Ma\u00df definieren wir ein Shop-Profil, das die POS-Pakete auf die Situation in den Filialen zuschneidet.<br><br><\/p>\n<\/div>\n\t\t<\/div><\/div><\/div><div id=\"pgc-269-4-2\"  class=\"panel-grid-cell\" ><div id=\"panel-269-4-2-0\" class=\"so-panel widget widget_text panel-first-child panel-last-child\" data-index=\"12\" ><div class=\"box_card pink_box stats panel-widget-style panel-widget-style-for-269-4-2-0\" ><h3 class=\"widget-title\">Retaildocs<\/h3>\t\t\t<div class=\"textwidget\"><p><span style=\"font-weight: 400;\">Mit Retaildocs stellen Sie den Filialen Last-Minute-Aktionen und \u00c4nderungen oder Nachbestellungen zur Verf\u00fcgung, auch wenn das Paket bereits in Produktion ist.<\/span><\/p>\n<\/div>\n\t\t<\/div><\/div><\/div><\/div><\/div><div id=\"pg-269-5\"  class=\"panel-grid panel-has-style\" ><div class=\"button_contact_row panel-row-style panel-row-style-for-269-5\" ><div id=\"pgc-269-5-0\"  class=\"panel-grid-cell\" ><div id=\"panel-269-5-0-0\" class=\"so-panel widget widget_text panel-first-child panel-last-child\" data-index=\"13\" >\t\t\t<div class=\"textwidget\"><p><a class=\"button cyan\" href=\"\/de\/modules\/\">Alle Module<\/a><\/p>\n<\/div>\n\t\t<\/div><\/div><\/div><\/div><\/div>","protected":false},"excerpt":{"rendered":"<p>Een online tool voor automatische opmaak van POS materiaal. Neem contact met ons op De Next Retail Suite betekent voor jou een kortere doorloop van POS pakketten. Omdat de opmaak online verloopt is minder communicatie nodig en werk je \u2018korter op de bal\u2019. De automatische opmaak zorgt voor verlaging van DTP kosten en standaardisatie van <a href=\"https:\/\/nextmarketingsolutions.nl\/de\/next-retailapplicatie\/\" class=\"more-link\">&#8230;<\/a><\/p>","protected":false},"author":1,"featured_media":0,"parent":0,"menu_order":0,"comment_status":"closed","ping_status":"closed","template":"","meta":{"_acf_changed":false,"inline_featured_image":false,"footnotes":""},"acf":[],"_links":{"self":[{"href":"https:\/\/nextmarketingsolutions.nl\/de\/wp-json\/wp\/v2\/pages\/269"}],"collection":[{"href":"https:\/\/nextmarketingsolutions.nl\/de\/wp-json\/wp\/v2\/pages"}],"about":[{"href":"https:\/\/nextmarketingsolutions.nl\/de\/wp-json\/wp\/v2\/types\/page"}],"author":[{"embeddable":true,"href":"https:\/\/nextmarketingsolutions.nl\/de\/wp-json\/wp\/v2\/users\/1"}],"replies":[{"embeddable":true,"href":"https:\/\/nextmarketingsolutions.nl\/de\/wp-json\/wp\/v2\/comments?post=269"}],"version-history":[{"count":98,"href":"https:\/\/nextmarketingsolutions.nl\/de\/wp-json\/wp\/v2\/pages\/269\/revisions"}],"predecessor-version":[{"id":1679,"href":"https:\/\/nextmarketingsolutions.nl\/de\/wp-json\/wp\/v2\/pages\/269\/revisions\/1679"}],"wp:attachment":[{"href":"https:\/\/nextmarketingsolutions.nl\/de\/wp-json\/wp\/v2\/media?parent=269"}],"curies":[{"name":"wp","href":"https:\/\/api.w.org\/{rel}","templated":true}]}}