{"id":74,"date":"2020-06-15T07:33:14","date_gmt":"2020-06-15T07:33:14","guid":{"rendered":"https:\/\/nextmarketingsolutions.nl\/?page_id=74"},"modified":"2025-04-03T19:31:42","modified_gmt":"2025-04-03T19:31:42","slug":"contact","status":"publish","type":"page","link":"https:\/\/nextmarketingsolutions.nl\/de\/contact\/","title":{"rendered":"Kontakt"},"content":{"rendered":"<div id=\"pl-74\"  class=\"panel-layout\" ><div id=\"pg-74-0\"  class=\"panel-grid panel-has-style\" ><div class=\"top_row_contact panel-row-style panel-row-style-for-74-0\" ><div id=\"pgc-74-0-0\"  class=\"panel-grid-cell\" ><div id=\"panel-74-0-0-0\" class=\"so-panel widget widget_text panel-first-child panel-last-child\" data-index=\"0\" ><div class=\"panel-widget-style panel-widget-style-for-74-0-0-0\" ><h3 class=\"widget-title\">Wir w\u00fcrden uns freuen, <br>mit Ihnen in Kontakt zu treten!<\/h3>\t\t\t<div class=\"textwidget\"><p>&nbsp;&nbsp;&nbsp;&nbsp;<\/p>\n<p>Partners in business<\/p>\n<p>&nbsp;<\/p>\n<p>&nbsp;&nbsp;&nbsp;<\/p>\n<\/div>\n\t\t<\/div><\/div><\/div><\/div><\/div><div id=\"pg-74-1\"  class=\"panel-grid panel-has-style\" ><div class=\"text_img_left_contact boxed panel-row-style panel-row-style-for-74-1\" ><div id=\"pgc-74-1-0\"  class=\"panel-grid-cell\" ><div id=\"panel-74-1-0-0\" class=\"so-panel widget widget_text panel-first-child\" data-index=\"1\" ><h3 class=\"widget-title\">Kontakt aufnehmen<\/h3>\t\t\t<div class=\"textwidget\"><\/div>\n\t\t<\/div><div id=\"panel-74-1-0-1\" class=\"so-panel widget widget_text panel-last-child\" data-index=\"2\" ><div class=\"panel-widget-style panel-widget-style-for-74-1-0-1\" >\t\t\t<div class=\"textwidget\"><p>Haben wir Ihr Interesse in unsere L\u00f6sungen geweckt oder m\u00f6chten Sie mehr \u00fcber uns erfahren? Dann z\u00f6gern Sie nicht und nehmen Sie Kontakt mit uns auf!<\/p>\n<p>&nbsp;<\/p>\n<p>Sie k\u00f6nnen mit uns Kontakt aufnehmen, indem Sie das Formular auf der rechten Seite ausf\u00fcllen. Wir werden Ihre Anfrage so schnell wie m\u00f6glich beantworten. Alternativ erreichen Sie uns \u00fcber die unten angegebenen Telefonnummern.<\/p>\n<p>&nbsp;<\/p>\n<p><span style=\"font-weight: bold;\">Resell Partner<\/span><br \/>\nWir wollen nicht nur die Kunden selbst mit unseren L\u00f6sungen und unserem Service gl\u00fccklich machen, sondern suchen auch Vertriebspartner im In- und Ausland, um gemeinsam mit uns noch mehr Unternehmen die zentrale Marketingplattform f\u00fcr On- und Offline-Marketingkommunikation zur Verf\u00fcgung zu stellen.<\/p>\n<p>&nbsp;<\/p>\n<p>Wir teilen die gleiche Begeisterung f\u00fcr die Verbindung von Marketing und Software. Wir wissen, wie man als strategischer (Kunden-)Partner Software als Dienstleistung verkauft. Aber da Sie Ihre Nische, Ihr bestehendes Netzwerk oder die Kultur in Ihrem Land viel besser kennen als wir, sind wir gerne bereit, unser Wissen und unsere Marge zu teilen, um gemeinsam erfolgreich zu sein. Bereit f\u00fcr ein erstes Kennenlernen? Nehmen Sie gerne Kontakt mit uns auf.<\/p>\n<\/div>\n\t\t<\/div><\/div><\/div><div id=\"pgc-74-1-1\"  class=\"panel-grid-cell\" ><div id=\"panel-74-1-1-0\" class=\"so-panel widget widget_text panel-first-child panel-last-child\" data-index=\"3\" ><div class=\"panel-widget-style panel-widget-style-for-74-1-1-0\" >\t\t\t<div class=\"textwidget\">\n<div class=\"wpcf7 no-js\" id=\"wpcf7-f455-o1\" lang=\"nl-NL\" dir=\"ltr\">\n<div class=\"screen-reader-response\"><p role=\"status\" aria-live=\"polite\" aria-atomic=\"true\"><\/p> <ul><\/ul><\/div>\n<form action=\"\/de\/wp-json\/wp\/v2\/pages\/74#wpcf7-f455-o1\" method=\"post\" class=\"wpcf7-form init\" aria-label=\"Contactformulier\" novalidate=\"novalidate\" data-status=\"init\" data-trp-original-action=\"\/de\/wp-json\/wp\/v2\/pages\/74#wpcf7-f455-o1\">\n<div style=\"display: none;\">\n<input type=\"hidden\" name=\"_wpcf7\" value=\"455\" \/>\n<input type=\"hidden\" name=\"_wpcf7_version\" value=\"5.9.3\" \/>\n<input type=\"hidden\" name=\"_wpcf7_locale\" value=\"nl_NL\" \/>\n<input type=\"hidden\" name=\"_wpcf7_unit_tag\" value=\"wpcf7-f455-o1\" \/>\n<input type=\"hidden\" name=\"_wpcf7_container_post\" value=\"0\" \/>\n<input type=\"hidden\" name=\"_wpcf7_posted_data_hash\" value=\"\" \/>\n<\/div>\n<div class=\"formrow\">\n\t<p><span>Nahme<\/span><br \/>\n<span class=\"wpcf7-form-control-wrap\" data-name=\"your-name\"><input size=\"40\" class=\"wpcf7-form-control wpcf7-text wpcf7-validates-as-required\" aria-required=\"true\" aria-invalid=\"false\" value=\"\" type=\"text\" name=\"your-name\" \/><\/span>\n\t<\/p>\n<\/div>\n<div class=\"formrow\">\n\t<p><span>Firmen<\/span><br \/>\n<span class=\"wpcf7-form-control-wrap\" data-name=\"organisation\"><input size=\"40\" class=\"wpcf7-form-control wpcf7-text wpcf7-validates-as-required\" aria-required=\"true\" aria-invalid=\"false\" value=\"\" type=\"text\" name=\"organisation\" \/><\/span>\n\t<\/p>\n<\/div>\n<div class=\"formrow\">\n\t<p><span>Mobil<\/span><br \/>\n<span class=\"wpcf7-form-control-wrap\" data-name=\"phone\"><input size=\"40\" class=\"wpcf7-form-control wpcf7-text wpcf7-validates-as-required\" aria-required=\"true\" aria-invalid=\"false\" value=\"\" type=\"text\" name=\"phone\" \/><\/span>\n\t<\/p>\n<\/div>\n<div class=\"formrow\">\n\t<p><span>E-Mail<\/span><br \/>\n<span class=\"wpcf7-form-control-wrap\" data-name=\"your-email\"><input size=\"40\" class=\"wpcf7-form-control wpcf7-email wpcf7-validates-as-required wpcf7-text wpcf7-validates-as-email\" aria-required=\"true\" aria-invalid=\"false\" value=\"\" type=\"email\" name=\"your-email\" \/><\/span>\n\t<\/p>\n<\/div>\n<div class=\"formrow\">\n\t<p><span>Nachricht<\/span><br \/>\n<span class=\"wpcf7-form-control-wrap\" data-name=\"your-message\"><textarea cols=\"40\" rows=\"10\" class=\"wpcf7-form-control wpcf7-textarea\" aria-invalid=\"false\" name=\"your-message\"><\/textarea><\/span>\n\t<\/p>\n<\/div>\n<p><input class=\"wpcf7-form-control wpcf7-submit has-spinner\" type=\"submit\" value=\"Schicken\" \/>\n<\/p><div class=\"wpcf7-response-output\" aria-hidden=\"true\"><\/div>\n<input type=\"hidden\" name=\"trp-form-language\" value=\"de\"\/><\/form>\n<\/div>\n\n<\/div>\n\t\t<\/div><\/div><\/div><\/div><\/div><div id=\"pg-74-2\"  class=\"panel-grid panel-has-style\" ><div class=\"boxed_title siteorigin-panels-stretch panel-row-style panel-row-style-for-74-2\" data-stretch-type=\"full\" ><div id=\"pgc-74-2-0\"  class=\"panel-grid-cell\" ><div id=\"panel-74-2-0-0\" class=\"so-panel widget widget_text panel-first-child panel-last-child\" data-index=\"4\" ><h3 class=\"widget-title\">UNSERE STANDORTE<\/h3>\t\t\t<div class=\"textwidget\"><\/div>\n\t\t<\/div><\/div><\/div><\/div><div id=\"pg-74-3\"  class=\"panel-grid panel-has-style\" ><div class=\"contact_text_row panel-row-style panel-row-style-for-74-3\" ><div id=\"pgc-74-3-0\"  class=\"panel-grid-cell\" ><div id=\"panel-74-3-0-0\" class=\"so-panel widget widget_text panel-first-child panel-last-child\" data-index=\"5\" >\t\t\t<div class=\"textwidget\"><p>Wir w\u00fcrden uns freuen, Sie im House of Sparkles<br>in Zeist oder in Oss begr\u00fc\u00dfen zu d\u00fcrfen.<\/p>\n<\/div>\n\t\t<\/div><\/div><\/div><\/div><div id=\"pg-74-4\"  class=\"panel-grid panel-has-style\" ><div class=\"contact_boxed panel-row-style panel-row-style-for-74-4\" ><div id=\"pgc-74-4-0\"  class=\"panel-grid-cell\" ><div id=\"panel-74-4-0-0\" class=\"so-panel widget widget_text panel-first-child panel-last-child\" data-index=\"6\" ><div class=\"contact_box panel-widget-style panel-widget-style-for-74-4-0-0\" >\t\t\t<div class=\"textwidget\"><div class=\"contact_img\"><img fetchpriority=\"high\" decoding=\"async\" class=\"alignnone size-full wp-image-507\" src=\"https:\/\/nextmarketingsolutions.nl\/wp-content\/uploads\/2023\/06\/i_kantoor_zeist_3.jpg\" alt=\"\" width=\"768\" height=\"480\" \/><\/div>\n<h3>Office Zeist<\/h3>\n<p class=\"translation-block\">Arnhemse Bovenweg 180<br>\n3708 AH Zeist<br>\nNiederlande<br>\n+31 85-7430750<br>\ninfo@nextmarketingsolutions.nl<\/p>\n<\/div>\n\t\t<\/div><\/div><\/div><div id=\"pgc-74-4-1\"  class=\"panel-grid-cell\" ><div id=\"panel-74-4-1-0\" class=\"so-panel widget widget_text panel-first-child panel-last-child\" data-index=\"7\" ><div class=\"contact_box panel-widget-style panel-widget-style-for-74-4-1-0\" >\t\t\t<div class=\"textwidget\"><div class=\"contact_img\"><img decoding=\"async\" class=\"alignnone wp-image-5417 size-full\" src=\"https:\/\/nextmarketingsolutions.nl\/wp-content\/uploads\/2025\/04\/oss-1024x593-1-e1743708637570.webp\" alt=\"\" width=\"808\" height=\"592\" srcset=\"https:\/\/nextmarketingsolutions.nl\/wp-content\/uploads\/2025\/04\/oss-1024x593-1-e1743708637570.webp 808w, https:\/\/nextmarketingsolutions.nl\/wp-content\/uploads\/2025\/04\/oss-1024x593-1-e1743708637570-300x220.webp 300w, https:\/\/nextmarketingsolutions.nl\/wp-content\/uploads\/2025\/04\/oss-1024x593-1-e1743708637570-16x12.webp 16w, https:\/\/nextmarketingsolutions.nl\/wp-content\/uploads\/2025\/04\/oss-1024x593-1-e1743708637570-768x563.webp 768w\" sizes=\"(max-width: 808px) 100vw, 808px\" \/><\/div>\n<h3>Kantoor Oss<\/h3>\n<p class=\"translation-block\">Griekenweg 7<br>\n5342 PX Oss<br>\nNiederlande<br>\n+31 85-7430750<br>\ninfo@nextmarketingsolutions.nl<\/p>\n<\/div>\n\t\t<\/div><\/div><\/div><\/div><\/div><\/div>","protected":false},"excerpt":{"rendered":"<p>&nbsp;&nbsp;&nbsp;&nbsp; Partners in business &nbsp; &nbsp;&nbsp;&nbsp; Hebben wij jouw interesse kunnen wekken in onze oplossingen of ben je ge\u00efnteresseerd in ons bedrijf? Schroom dan niet en neem contact met ons op. &nbsp; Je kan contact met ons opnemen door het formulier aan de rechterkant in te vullen. Wij reageren zsm op je verzoek. Of bel <a href=\"https:\/\/nextmarketingsolutions.nl\/de\/contact\/\" class=\"more-link\">&#8230;<\/a><\/p>","protected":false},"author":1,"featured_media":0,"parent":0,"menu_order":0,"comment_status":"closed","ping_status":"closed","template":"","meta":{"_acf_changed":false,"inline_featured_image":false,"footnotes":""},"acf":[],"_links":{"self":[{"href":"https:\/\/nextmarketingsolutions.nl\/de\/wp-json\/wp\/v2\/pages\/74"}],"collection":[{"href":"https:\/\/nextmarketingsolutions.nl\/de\/wp-json\/wp\/v2\/pages"}],"about":[{"href":"https:\/\/nextmarketingsolutions.nl\/de\/wp-json\/wp\/v2\/types\/page"}],"author":[{"embeddable":true,"href":"https:\/\/nextmarketingsolutions.nl\/de\/wp-json\/wp\/v2\/users\/1"}],"replies":[{"embeddable":true,"href":"https:\/\/nextmarketingsolutions.nl\/de\/wp-json\/wp\/v2\/comments?post=74"}],"version-history":[{"count":130,"href":"https:\/\/nextmarketingsolutions.nl\/de\/wp-json\/wp\/v2\/pages\/74\/revisions"}],"predecessor-version":[{"id":5587,"href":"https:\/\/nextmarketingsolutions.nl\/de\/wp-json\/wp\/v2\/pages\/74\/revisions\/5587"}],"wp:attachment":[{"href":"https:\/\/nextmarketingsolutions.nl\/de\/wp-json\/wp\/v2\/media?parent=74"}],"curies":[{"name":"wp","href":"https:\/\/api.w.org\/{rel}","templated":true}]}}