{"id":767,"date":"2022-01-18T19:24:29","date_gmt":"2022-01-18T19:24:29","guid":{"rendered":"https:\/\/nextmarketingsolutions.nl\/?page_id=767"},"modified":"2023-05-30T14:25:57","modified_gmt":"2023-05-30T14:25:57","slug":"folder-automation-suite","status":"publish","type":"page","link":"https:\/\/nextmarketingsolutions.nl\/de\/folder-automation-suite\/","title":{"rendered":"Folder Automation Suite"},"content":{"rendered":"<div id=\"pl-767\"  class=\"panel-layout\" ><div id=\"pg-767-0\"  class=\"panel-grid panel-has-style\" ><div class=\"nms_top panel-row-style panel-row-style-for-767-0\" ><div id=\"pgc-767-0-0\"  class=\"panel-grid-cell\" ><div id=\"panel-767-0-0-0\" class=\"so-panel widget widget_text panel-first-child\" data-index=\"0\" ><div class=\"panel-widget-style panel-widget-style-for-767-0-0-0\" ><h3 class=\"widget-title\">Next Folder Automation Suite<\/h3>\t\t\t<div class=\"textwidget\"><p><span style=\"font-weight: 400;\">Halbautomatische Formatierung und \u00dcberpr\u00fcfung von Dateien \u00fcber eine zentrale Plattform.<\/span><\/p>\n<\/div>\n\t\t<\/div><\/div><div id=\"panel-767-0-0-1\" class=\"so-panel widget widget_text\" data-index=\"1\" >\t\t\t<div class=\"textwidget\"><div class=\"white_arrow_down\"><\/div>\n<\/div>\n\t\t<\/div><div id=\"panel-767-0-0-2\" class=\"so-panel widget widget_text panel-last-child\" data-index=\"2\" >\t\t\t<div class=\"textwidget\"><p><a class=\"button pink\" href=\"\/de\/contact\/\">Kontakt aufnehmen<\/a><\/p>\n<\/div>\n\t\t<\/div><\/div><\/div><\/div><div id=\"pg-767-1\"  class=\"panel-grid panel-has-style\" ><div class=\"text_img_left boxed panel-row-style panel-row-style-for-767-1\" ><div id=\"pgc-767-1-0\"  class=\"panel-grid-cell\" ><div id=\"panel-767-1-0-0\" class=\"so-panel widget widget_media_image panel-first-child\" data-index=\"3\" ><div class=\"floating_nxt_arrow panel-widget-style panel-widget-style-for-767-1-0-0\" ><img decoding=\"async\" width=\"177\" height=\"177\" src=\"https:\/\/nextmarketingsolutions.nl\/wp-content\/uploads\/2020\/06\/Group-5909.png\" class=\"image wp-image-151  attachment-full size-full\" alt=\"\" style=\"max-width: 100%; height: auto;\" srcset=\"https:\/\/nextmarketingsolutions.nl\/wp-content\/uploads\/2020\/06\/Group-5909.png 177w, https:\/\/nextmarketingsolutions.nl\/wp-content\/uploads\/2020\/06\/Group-5909-150x150.png 150w\" sizes=\"(max-width: 177px) 100vw, 177px\" \/><\/div><\/div><div id=\"panel-767-1-0-1\" class=\"so-panel widget widget_text panel-last-child\" data-index=\"4\" ><div class=\"panel-widget-style panel-widget-style-for-767-1-0-1\" ><h3 class=\"widget-title\">WAS IST F\u00dcR SIE DRIN?<\/h3>\t\t\t<div class=\"textwidget\"><p><span style=\"font-weight: 300;\">Die Next Folder Automation Suite bedeutet f\u00fcr Sie einen effizienten Prozess zur Gestaltung von (Flyer-)Dateien. Der halbautomatische Layoutprozess sorgt f\u00fcr k\u00fcrzere Durchlaufzeiten und reduziert Layoutkosten. Beim halbautomatischen Layoutprozess \u00fcberwacht ein DTP-Spezialist das Layout der Datei. Dadurch ist es m\u00f6glich, Kreativit\u00e4t hinzuzuf\u00fcgen. Jeder Stakeholder gibt Feedback, indem er Haftnotizen anbringt. Der Administrator exportiert alle Kommentare zur Korrekturrunde. Mit Benutzergruppen ist es m\u00f6glich, Stakeholder phasenweise einzubeziehen oder Gruppen Zugriff auf bestimmte Seiten der Datei zu gew\u00e4hren.<\/span><\/p>\n<p>&nbsp;<\/p>\n<p><a class=\"button_hollow\" href=\"\/de\/contact\/\">Kontakt aufnehmen<\/a><\/p>\n<p>&nbsp;<\/p>\n<\/div>\n\t\t<\/div><\/div><\/div><div id=\"pgc-767-1-1\"  class=\"panel-grid-cell\" ><div id=\"panel-767-1-1-0\" class=\"so-panel widget widget_media_image panel-first-child panel-last-child\" data-index=\"5\" ><img fetchpriority=\"high\" decoding=\"async\" width=\"326\" height=\"450\" src=\"https:\/\/nextmarketingsolutions.nl\/wp-content\/uploads\/2023\/05\/i_folder_FAS.png\" class=\"image wp-image-1590  attachment-full size-full\" alt=\"\" style=\"max-width: 100%; height: auto;\" srcset=\"https:\/\/nextmarketingsolutions.nl\/wp-content\/uploads\/2023\/05\/i_folder_FAS.png 326w, https:\/\/nextmarketingsolutions.nl\/wp-content\/uploads\/2023\/05\/i_folder_FAS-217x300.png 217w, https:\/\/nextmarketingsolutions.nl\/wp-content\/uploads\/2023\/05\/i_folder_FAS-9x12.png 9w\" sizes=\"(max-width: 326px) 100vw, 326px\" \/><\/div><\/div><\/div><\/div><div id=\"pg-767-2\"  class=\"panel-grid panel-has-style\" ><div class=\"text_img_left boxed panel-row-style panel-row-style-for-767-2\" ><div id=\"pgc-767-2-0\"  class=\"panel-grid-cell\" ><div id=\"panel-767-2-0-0\" class=\"so-panel widget widget_text panel-first-child panel-last-child\" data-index=\"6\" ><div class=\"panel-widget-style panel-widget-style-for-767-2-0-0\" ><h3 class=\"widget-title\">Benutzerrollen und -rechte<\/h3>\t\t\t<div class=\"textwidget\"><p><span style=\"font-weight: 300;\">Nicht alle Funktionen und Inhalte sind f\u00fcr alle Benutzer relevant. Mit dem Rollen- und Rechtesystem legt der Administrator die verf\u00fcgbaren Funktionalit\u00e4ten pro Benutzer fest. Das bedeutet, dass dem Benutzer nur die Tools zur Verf\u00fcgung stehen, die f\u00fcr ihn relevant sind. Durch die Verkn\u00fcpfung von Inhalten mit Benutzergruppen zeigt der Administrator Inhalte einer ausgew\u00e4hlten Gruppe von Pr\u00fcfern an. Die Rechte k\u00f6nnen auf Seitenebene eingerichtet werden. Der Manager hat au\u00dferdem die M\u00f6glichkeit, Stakeholder phasenweise einzubeziehen, und f\u00fcr jede Review-Runde k\u00f6nnen weitere Gutachter hinzugezogen werden.<\/span><\/p>\n<\/div>\n\t\t<\/div><\/div><\/div><div id=\"pgc-767-2-1\"  class=\"panel-grid-cell\" ><div id=\"panel-767-2-1-0\" class=\"so-panel widget widget_media_image panel-first-child panel-last-child\" data-index=\"7\" ><div class=\"panel-widget-style panel-widget-style-for-767-2-1-0\" ><img decoding=\"async\" width=\"2282\" height=\"1214\" src=\"https:\/\/nextmarketingsolutions.nl\/wp-content\/uploads\/2023\/05\/i_FAS_2.png\" class=\"image wp-image-1598  attachment-full size-full\" alt=\"\" style=\"max-width: 100%; height: auto;\" srcset=\"https:\/\/nextmarketingsolutions.nl\/wp-content\/uploads\/2023\/05\/i_FAS_2.png 2282w, https:\/\/nextmarketingsolutions.nl\/wp-content\/uploads\/2023\/05\/i_FAS_2-300x160.png 300w, https:\/\/nextmarketingsolutions.nl\/wp-content\/uploads\/2023\/05\/i_FAS_2-1024x545.png 1024w, https:\/\/nextmarketingsolutions.nl\/wp-content\/uploads\/2023\/05\/i_FAS_2-1536x817.png 1536w, https:\/\/nextmarketingsolutions.nl\/wp-content\/uploads\/2023\/05\/i_FAS_2-2048x1090.png 2048w, https:\/\/nextmarketingsolutions.nl\/wp-content\/uploads\/2023\/05\/i_FAS_2-18x10.png 18w\" sizes=\"(max-width: 2282px) 100vw, 2282px\" \/><\/div><\/div><\/div><\/div><\/div><div id=\"pg-767-3\"  class=\"panel-grid panel-has-style\" ><div class=\"text_img_right boxed panel-row-style panel-row-style-for-767-3\" ><div id=\"pgc-767-3-0\"  class=\"panel-grid-cell\" ><div id=\"panel-767-3-0-0\" class=\"so-panel widget widget_media_image panel-first-child panel-last-child\" data-index=\"8\" ><div class=\"panel-widget-style panel-widget-style-for-767-3-0-0\" ><img loading=\"lazy\" decoding=\"async\" width=\"1434\" height=\"1052\" src=\"https:\/\/nextmarketingsolutions.nl\/wp-content\/uploads\/2023\/05\/i_FAS_1.png\" class=\"image wp-image-1597  attachment-full size-full\" alt=\"\" style=\"max-width: 100%; height: auto;\" srcset=\"https:\/\/nextmarketingsolutions.nl\/wp-content\/uploads\/2023\/05\/i_FAS_1.png 1434w, https:\/\/nextmarketingsolutions.nl\/wp-content\/uploads\/2023\/05\/i_FAS_1-300x220.png 300w, https:\/\/nextmarketingsolutions.nl\/wp-content\/uploads\/2023\/05\/i_FAS_1-1024x751.png 1024w, https:\/\/nextmarketingsolutions.nl\/wp-content\/uploads\/2023\/05\/i_FAS_1-16x12.png 16w\" sizes=\"(max-width: 1434px) 100vw, 1434px\" \/><\/div><\/div><\/div><div id=\"pgc-767-3-1\"  class=\"panel-grid-cell\" ><div id=\"panel-767-3-1-0\" class=\"so-panel widget widget_text panel-first-child panel-last-child\" data-index=\"9\" ><div class=\"panel-widget-style panel-widget-style-for-767-3-1-0\" ><h3 class=\"widget-title\">Sticky notes<\/h3>\t\t\t<div class=\"textwidget\"><p><span style=\"font-weight: 300;\">Jeder einer Datei oder Seite zugewiesene Pr\u00fcfer hat die M\u00f6glichkeit, Kommentare zu posten. Dies kann durch das Hinzuf\u00fcgen von Kommentaren oder Sticky Notes erfolgen. Es ist m\u00f6glich, Gutachtern die M\u00f6glichkeit zu geben, auf Kommentare anderer Gutachter zu antworten.<\/span><\/p>\n<\/div>\n\t\t<\/div><\/div><\/div><\/div><\/div><div id=\"pg-767-4\"  class=\"panel-grid panel-has-style\" ><div class=\"boxes_row panel-row-style panel-row-style-for-767-4\" ><div id=\"pgc-767-4-0\"  class=\"panel-grid-cell\" ><div id=\"panel-767-4-0-0\" class=\"so-panel widget widget_text panel-first-child panel-last-child\" data-index=\"10\" ><div class=\"box_card blue_box planner panel-widget-style panel-widget-style-for-767-4-0-0\" ><h3 class=\"widget-title\">Halb-automatische Formatierung<\/h3>\t\t\t<div class=\"textwidget\"><p><span style=\"font-weight: 300;\">Grundlage f\u00fcr das Layout ist eine Excel-Datei mit allen Grunddaten. <\/span><span style=\"font-weight: 300;\">Wir f\u00fchren die Excel-Datei in unserem Tool aus und f\u00fcgen manuell den letzten Schliff hinzu.<\/span><\/p>\n<\/div>\n\t\t<\/div><\/div><\/div><div id=\"pgc-767-4-1\"  class=\"panel-grid-cell\" ><div id=\"panel-767-4-1-0\" class=\"so-panel widget widget_text panel-first-child panel-last-child\" data-index=\"11\" ><div class=\"box_card cyan_box bundles panel-widget-style panel-widget-style-for-767-4-1-0\" ><h3 class=\"widget-title\">Versions-kontrolle<\/h3>\t\t\t<div class=\"textwidget\"><p><span style=\"font-weight: 300;\">Nach der ersten Korrekturrunde l\u00e4dt der Admin die neue Version des Ordners hoch. Der Administrator verkn\u00fcpft die Pr\u00fcfer erneut mit der Datei und den Seiten.<\/span><\/p>\n<\/div>\n\t\t<\/div><\/div><\/div><div id=\"pgc-767-4-2\"  class=\"panel-grid-cell\" ><div id=\"panel-767-4-2-0\" class=\"so-panel widget widget_text panel-first-child panel-last-child\" data-index=\"12\" ><div class=\"box_card pink_box stats panel-widget-style panel-widget-style-for-767-4-2-0\" ><h3 class=\"widget-title\">Kommentare<\/h3>\t\t\t<div class=\"textwidget\"><p><span style=\"font-weight: 300;\">Am Ende jeder \u00dcberpr\u00fcfungsrunde l\u00e4dt der Administrator alle Kommentare herunter. Die Kommentare dienen als Briefing f\u00fcr die n\u00e4chste Korrekturrunde.<br><br><\/span><\/p>\n<\/div>\n\t\t<\/div><\/div><\/div><\/div><\/div><div id=\"pg-767-5\"  class=\"panel-grid panel-has-style\" ><div class=\"button_contact_row panel-row-style panel-row-style-for-767-5\" ><div id=\"pgc-767-5-0\"  class=\"panel-grid-cell\" ><div id=\"panel-767-5-0-0\" class=\"so-panel widget widget_text panel-first-child panel-last-child\" data-index=\"13\" >\t\t\t<div class=\"textwidget\"><p><a class=\"button cyan\" href=\"\/de\/modules\/\">Alle Module<\/a><\/p>\n<\/div>\n\t\t<\/div><\/div><\/div><\/div><\/div>","protected":false},"excerpt":{"rendered":"<p>Semi-automatisch opmaken en reviewen van bestanden via \u00e9\u00e9n centraal platform. Neem contact met ons op De Next Folder Automation Suite betekent voor jou een effici\u00ebnt proces in de opmaak van (folder)bestanden. Het semi-automatische opmaakproces zorgt voor kortere doorlooptijden en verlaging van opmaakkosten. In het semi-automatische opmaakproces kijkt een DTP\u2019er met het bestand in de opmaak <a href=\"https:\/\/nextmarketingsolutions.nl\/de\/folder-automation-suite\/\" class=\"more-link\">&#8230;<\/a><\/p>","protected":false},"author":1,"featured_media":0,"parent":0,"menu_order":0,"comment_status":"closed","ping_status":"closed","template":"","meta":{"_acf_changed":false,"inline_featured_image":false,"footnotes":""},"acf":[],"_links":{"self":[{"href":"https:\/\/nextmarketingsolutions.nl\/de\/wp-json\/wp\/v2\/pages\/767"}],"collection":[{"href":"https:\/\/nextmarketingsolutions.nl\/de\/wp-json\/wp\/v2\/pages"}],"about":[{"href":"https:\/\/nextmarketingsolutions.nl\/de\/wp-json\/wp\/v2\/types\/page"}],"author":[{"embeddable":true,"href":"https:\/\/nextmarketingsolutions.nl\/de\/wp-json\/wp\/v2\/users\/1"}],"replies":[{"embeddable":true,"href":"https:\/\/nextmarketingsolutions.nl\/de\/wp-json\/wp\/v2\/comments?post=767"}],"version-history":[{"count":163,"href":"https:\/\/nextmarketingsolutions.nl\/de\/wp-json\/wp\/v2\/pages\/767\/revisions"}],"predecessor-version":[{"id":1646,"href":"https:\/\/nextmarketingsolutions.nl\/de\/wp-json\/wp\/v2\/pages\/767\/revisions\/1646"}],"wp:attachment":[{"href":"https:\/\/nextmarketingsolutions.nl\/de\/wp-json\/wp\/v2\/media?parent=767"}],"curies":[{"name":"wp","href":"https:\/\/api.w.org\/{rel}","templated":true}]}}